{"id":151,"date":"2024-01-04T21:23:41","date_gmt":"2024-01-05T00:23:41","guid":{"rendered":"https:\/\/staging1.nomadeterno.com.br\/?page_id=151"},"modified":"2024-01-04T21:27:26","modified_gmt":"2024-01-05T00:27:26","slug":"blog","status":"publish","type":"page","link":"https:\/\/romeniqueanjos.com.br\/icarobuback\/blog\/","title":{"rendered":"Blog"},"content":{"rendered":"\t\t<div data-elementor-type=\"wp-page\" data-elementor-id=\"151\" class=\"elementor elementor-151\" data-elementor-post-type=\"page\">\n\t\t\t\t<div class=\"elementor-element elementor-element-f3777e1 e-flex e-con-boxed e-con e-parent\" data-id=\"f3777e1\" data-element_type=\"container\" data-e-type=\"container\" data-settings=\"{&quot;background_background&quot;:&quot;classic&quot;}\">\n\t\t\t\t\t<div class=\"e-con-inner\">\n\t\t\t\t<div class=\"elementor-element elementor-element-9346f68 elementor-widget elementor-widget-heading\" data-id=\"9346f68\" data-element_type=\"widget\" data-e-type=\"widget\" data-widget_type=\"heading.default\">\n\t\t\t\t<div class=\"elementor-widget-container\">\n\t\t\t\t\t<h2 class=\"elementor-heading-title elementor-size-default\">Posts Mais Recentes<\/h2>\t\t\t\t<\/div>\n\t\t\t\t<\/div>\n\t\t\t\t\t<\/div>\n\t\t\t\t<\/div>\n\t\t<div class=\"elementor-element elementor-element-265b8a4b e-flex e-con-boxed e-con e-parent\" data-id=\"265b8a4b\" data-element_type=\"container\" data-e-type=\"container\">\n\t\t\t\t\t<div class=\"e-con-inner\">\n\t\t\t\t<div class=\"elementor-element elementor-element-79331ce elementor-grid-1 elementor-grid-tablet-2 elementor-grid-mobile-1 elementor-posts--thumbnail-top elementor-widget elementor-widget-posts\" data-id=\"79331ce\" data-element_type=\"widget\" data-e-type=\"widget\" data-settings=\"{&quot;classic_columns&quot;:&quot;1&quot;,&quot;classic_columns_tablet&quot;:&quot;2&quot;,&quot;classic_columns_mobile&quot;:&quot;1&quot;,&quot;classic_row_gap&quot;:{&quot;unit&quot;:&quot;px&quot;,&quot;size&quot;:35,&quot;sizes&quot;:[]},&quot;classic_row_gap_tablet&quot;:{&quot;unit&quot;:&quot;px&quot;,&quot;size&quot;:&quot;&quot;,&quot;sizes&quot;:[]},&quot;classic_row_gap_mobile&quot;:{&quot;unit&quot;:&quot;px&quot;,&quot;size&quot;:&quot;&quot;,&quot;sizes&quot;:[]}}\" data-widget_type=\"posts.classic\">\n\t\t\t\t<div class=\"elementor-widget-container\">\n\t\t\t\t\t\t\t<div class=\"elementor-posts-container elementor-posts elementor-posts--skin-classic elementor-grid\">\n\t\t\t\t<article class=\"elementor-post elementor-grid-item post-115 post type-post status-publish format-standard has-post-thumbnail hentry category-blog\">\n\t\t\t\t<a class=\"elementor-post__thumbnail__link\" href=\"https:\/\/romeniqueanjos.com.br\/icarobuback\/depressao-relato-sobre-a-doenca\/\" tabindex=\"-1\" >\n\t\t\t<div class=\"elementor-post__thumbnail\"><img fetchpriority=\"high\" decoding=\"async\" width=\"1000\" height=\"667\" src=\"https:\/\/romeniqueanjos.com.br\/icarobuback\/wp-content\/uploads\/2024\/01\/Depressoa.jpg\" class=\"attachment-2048x2048 size-2048x2048 wp-image-118\" alt=\"Depress\u00e3o em jovens\" srcset=\"https:\/\/romeniqueanjos.com.br\/icarobuback\/wp-content\/uploads\/2024\/01\/Depressoa.jpg 1000w, https:\/\/romeniqueanjos.com.br\/icarobuback\/wp-content\/uploads\/2024\/01\/Depressoa-300x200.jpg 300w, https:\/\/romeniqueanjos.com.br\/icarobuback\/wp-content\/uploads\/2024\/01\/Depressoa-768x512.jpg 768w\" sizes=\"(max-width: 1000px) 100vw, 1000px\" \/><\/div>\n\t\t<\/a>\n\t\t\t\t<div class=\"elementor-post__text\">\n\t\t\t\t<h3 class=\"elementor-post__title\">\n\t\t\t<a href=\"https:\/\/romeniqueanjos.com.br\/icarobuback\/depressao-relato-sobre-a-doenca\/\" >\n\t\t\t\tDepress\u00e3o: Relato sobre a Doen\u00e7a\t\t\t<\/a>\n\t\t<\/h3>\n\t\t\t\t<div class=\"elementor-post__meta-data\">\n\t\t\t\t\t<span class=\"elementor-post-date\">\n\t\t\t4 de January de 2024\t\t<\/span>\n\t\t\t\t<\/div>\n\t\t\t\t<div class=\"elementor-post__excerpt\">\n\t\t\t<p>Para iniciar este relato primeiro precisamos explicar brevemente sobre a Depress\u00e3o, afinal de contas o conte\u00fado que ser\u00e1 apresentado aqui poder\u00e1 causar certo desconforto, pois este \u00e9 um relato real de uma pessoa que passou por esta doen\u00e7a. Enfim, depress\u00e3o \u00e9 uma doen\u00e7a psicol\u00f3gica que pode causar tristeza profunda, falta<\/p>\n\t\t<\/div>\n\t\t\n\t\t<a class=\"elementor-post__read-more\" href=\"https:\/\/romeniqueanjos.com.br\/icarobuback\/depressao-relato-sobre-a-doenca\/\" aria-label=\"Read more about Depress\u00e3o: Relato sobre a Doen\u00e7a\" tabindex=\"-1\" >\n\t\t\tLeia mais \u00bb\t\t<\/a>\n\n\t\t\t\t<\/div>\n\t\t\t\t<\/article>\n\t\t\t\t<\/div>\n\t\t\n\t\t\t\t\t\t<\/div>\n\t\t\t\t<\/div>\n\t\t\t\t\t<\/div>\n\t\t\t\t<\/div>\n\t\t\t\t<\/div>\n\t\t","protected":false},"excerpt":{"rendered":"<p>Posts Mais Recentes<\/p>\n","protected":false},"author":1,"featured_media":0,"parent":0,"menu_order":0,"comment_status":"closed","ping_status":"closed","template":"","meta":{"site-sidebar-layout":"no-sidebar","site-content-layout":"","ast-site-content-layout":"full-width-container","site-content-style":"default","site-sidebar-style":"default","ast-global-header-display":"","ast-banner-title-visibility":"","ast-main-header-display":"","ast-hfb-above-header-display":"","ast-hfb-below-header-display":"","ast-hfb-mobile-header-display":"","site-post-title":"disabled","ast-breadcrumbs-content":"","ast-featured-img":"disabled","footer-sml-layout":"","ast-disable-related-posts":"","theme-transparent-header-meta":"default","adv-header-id-meta":"","stick-header-meta":"","header-above-stick-meta":"","header-main-stick-meta":"","header-below-stick-meta":"","astra-migrate-meta-layouts":"set","ast-page-background-enabled":"default","ast-page-background-meta":{"desktop":{"background-color":"var(--ast-global-color-4)","background-image":"","background-repeat":"repeat","background-position":"center center","background-size":"auto","background-attachment":"scroll","background-type":"","background-media":"","overlay-type":"","overlay-color":"","overlay-opacity":"","overlay-gradient":""},"tablet":{"background-color":"","background-image":"","background-repeat":"repeat","background-position":"center center","background-size":"auto","background-attachment":"scroll","background-type":"","background-media":"","overlay-type":"","overlay-color":"","overlay-opacity":"","overlay-gradient":""},"mobile":{"background-color":"","background-image":"","background-repeat":"repeat","background-position":"center center","background-size":"auto","background-attachment":"scroll","background-type":"","background-media":"","overlay-type":"","overlay-color":"","overlay-opacity":"","overlay-gradient":""}},"ast-content-background-meta":{"desktop":{"background-color":"var(--ast-global-color-5)","background-image":"","background-repeat":"repeat","background-position":"center center","background-size":"auto","background-attachment":"scroll","background-type":"","background-media":"","overlay-type":"","overlay-color":"","overlay-opacity":"","overlay-gradient":""},"tablet":{"background-color":"var(--ast-global-color-5)","background-image":"","background-repeat":"repeat","background-position":"center center","background-size":"auto","background-attachment":"scroll","background-type":"","background-media":"","overlay-type":"","overlay-color":"","overlay-opacity":"","overlay-gradient":""},"mobile":{"background-color":"var(--ast-global-color-5)","background-image":"","background-repeat":"repeat","background-position":"center center","background-size":"auto","background-attachment":"scroll","background-type":"","background-media":"","overlay-type":"","overlay-color":"","overlay-opacity":"","overlay-gradient":""}},"footnotes":""},"class_list":["post-151","page","type-page","status-publish","hentry"],"yoast_head":"<!-- This site is optimized with the Yoast SEO plugin v27.4 - https:\/\/yoast.com\/product\/yoast-seo-wordpress\/ -->\n<title>Blog - \u00cdcaro Buback - Psicologia<\/title>\n<meta name=\"robots\" content=\"index, follow, max-snippet:-1, max-image-preview:large, max-video-preview:-1\" \/>\n<link rel=\"canonical\" href=\"https:\/\/romeniqueanjos.com.br\/icarobuback\/blog\/\" \/>\n<meta property=\"og:locale\" content=\"en_US\" \/>\n<meta property=\"og:type\" content=\"article\" \/>\n<meta property=\"og:title\" content=\"Blog - \u00cdcaro Buback - Psicologia\" \/>\n<meta property=\"og:description\" content=\"Posts Mais Recentes\" \/>\n<meta property=\"og:url\" content=\"https:\/\/romeniqueanjos.com.br\/icarobuback\/blog\/\" \/>\n<meta property=\"og:site_name\" content=\"\u00cdcaro Buback - Psicologia\" \/>\n<meta property=\"article:modified_time\" content=\"2024-01-05T00:27:26+00:00\" \/>\n<meta name=\"twitter:card\" content=\"summary_large_image\" \/>\n<meta name=\"twitter:label1\" content=\"Est. reading time\" \/>\n\t<meta name=\"twitter:data1\" content=\"1 minute\" \/>\n<script type=\"application\/ld+json\" class=\"yoast-schema-graph\">{\"@context\":\"https:\\\/\\\/schema.org\",\"@graph\":[{\"@type\":\"WebPage\",\"@id\":\"https:\\\/\\\/romeniqueanjos.com.br\\\/icarobuback\\\/blog\\\/\",\"url\":\"https:\\\/\\\/romeniqueanjos.com.br\\\/icarobuback\\\/blog\\\/\",\"name\":\"Blog - \u00cdcaro Buback - Psicologia\",\"isPartOf\":{\"@id\":\"https:\\\/\\\/romeniqueanjos.com.br\\\/icarobuback\\\/#website\"},\"datePublished\":\"2024-01-05T00:23:41+00:00\",\"dateModified\":\"2024-01-05T00:27:26+00:00\",\"breadcrumb\":{\"@id\":\"https:\\\/\\\/romeniqueanjos.com.br\\\/icarobuback\\\/blog\\\/#breadcrumb\"},\"inLanguage\":\"en-US\",\"potentialAction\":[{\"@type\":\"ReadAction\",\"target\":[\"https:\\\/\\\/romeniqueanjos.com.br\\\/icarobuback\\\/blog\\\/\"]}]},{\"@type\":\"BreadcrumbList\",\"@id\":\"https:\\\/\\\/romeniqueanjos.com.br\\\/icarobuback\\\/blog\\\/#breadcrumb\",\"itemListElement\":[{\"@type\":\"ListItem\",\"position\":1,\"name\":\"In\u00edcio\",\"item\":\"https:\\\/\\\/romeniqueanjos.com.br\\\/icarobuback\\\/\"},{\"@type\":\"ListItem\",\"position\":2,\"name\":\"Blog\"}]},{\"@type\":\"WebSite\",\"@id\":\"https:\\\/\\\/romeniqueanjos.com.br\\\/icarobuback\\\/#website\",\"url\":\"https:\\\/\\\/romeniqueanjos.com.br\\\/icarobuback\\\/\",\"name\":\"\u00cdcaro Buback - Psicologia\",\"description\":\"Uma mente forte \u00e9 um corpo forte!\",\"publisher\":{\"@id\":\"https:\\\/\\\/romeniqueanjos.com.br\\\/icarobuback\\\/#organization\"},\"potentialAction\":[{\"@type\":\"SearchAction\",\"target\":{\"@type\":\"EntryPoint\",\"urlTemplate\":\"https:\\\/\\\/romeniqueanjos.com.br\\\/icarobuback\\\/?s={search_term_string}\"},\"query-input\":{\"@type\":\"PropertyValueSpecification\",\"valueRequired\":true,\"valueName\":\"search_term_string\"}}],\"inLanguage\":\"en-US\"},{\"@type\":\"Organization\",\"@id\":\"https:\\\/\\\/romeniqueanjos.com.br\\\/icarobuback\\\/#organization\",\"name\":\"\u00cdcaro Buback - Psicologia\",\"url\":\"https:\\\/\\\/romeniqueanjos.com.br\\\/icarobuback\\\/\",\"logo\":{\"@type\":\"ImageObject\",\"inLanguage\":\"en-US\",\"@id\":\"https:\\\/\\\/romeniqueanjos.com.br\\\/icarobuback\\\/#\\\/schema\\\/logo\\\/image\\\/\",\"url\":\"https:\\\/\\\/romeniqueanjos.com.br\\\/icarobuback\\\/wp-content\\\/uploads\\\/2023\\\/11\\\/Group-8.png\",\"contentUrl\":\"https:\\\/\\\/romeniqueanjos.com.br\\\/icarobuback\\\/wp-content\\\/uploads\\\/2023\\\/11\\\/Group-8.png\",\"width\":2916,\"height\":1074,\"caption\":\"\u00cdcaro Buback - Psicologia\"},\"image\":{\"@id\":\"https:\\\/\\\/romeniqueanjos.com.br\\\/icarobuback\\\/#\\\/schema\\\/logo\\\/image\\\/\"}}]}<\/script>\n<!-- \/ Yoast SEO plugin. -->","yoast_head_json":{"title":"Blog - \u00cdcaro Buback - Psicologia","robots":{"index":"index","follow":"follow","max-snippet":"max-snippet:-1","max-image-preview":"max-image-preview:large","max-video-preview":"max-video-preview:-1"},"canonical":"https:\/\/romeniqueanjos.com.br\/icarobuback\/blog\/","og_locale":"en_US","og_type":"article","og_title":"Blog - \u00cdcaro Buback - Psicologia","og_description":"Posts Mais Recentes","og_url":"https:\/\/romeniqueanjos.com.br\/icarobuback\/blog\/","og_site_name":"\u00cdcaro Buback - Psicologia","article_modified_time":"2024-01-05T00:27:26+00:00","twitter_card":"summary_large_image","twitter_misc":{"Est. reading time":"1 minute"},"schema":{"@context":"https:\/\/schema.org","@graph":[{"@type":"WebPage","@id":"https:\/\/romeniqueanjos.com.br\/icarobuback\/blog\/","url":"https:\/\/romeniqueanjos.com.br\/icarobuback\/blog\/","name":"Blog - \u00cdcaro Buback - Psicologia","isPartOf":{"@id":"https:\/\/romeniqueanjos.com.br\/icarobuback\/#website"},"datePublished":"2024-01-05T00:23:41+00:00","dateModified":"2024-01-05T00:27:26+00:00","breadcrumb":{"@id":"https:\/\/romeniqueanjos.com.br\/icarobuback\/blog\/#breadcrumb"},"inLanguage":"en-US","potentialAction":[{"@type":"ReadAction","target":["https:\/\/romeniqueanjos.com.br\/icarobuback\/blog\/"]}]},{"@type":"BreadcrumbList","@id":"https:\/\/romeniqueanjos.com.br\/icarobuback\/blog\/#breadcrumb","itemListElement":[{"@type":"ListItem","position":1,"name":"In\u00edcio","item":"https:\/\/romeniqueanjos.com.br\/icarobuback\/"},{"@type":"ListItem","position":2,"name":"Blog"}]},{"@type":"WebSite","@id":"https:\/\/romeniqueanjos.com.br\/icarobuback\/#website","url":"https:\/\/romeniqueanjos.com.br\/icarobuback\/","name":"\u00cdcaro Buback - Psicologia","description":"Uma mente forte \u00e9 um corpo forte!","publisher":{"@id":"https:\/\/romeniqueanjos.com.br\/icarobuback\/#organization"},"potentialAction":[{"@type":"SearchAction","target":{"@type":"EntryPoint","urlTemplate":"https:\/\/romeniqueanjos.com.br\/icarobuback\/?s={search_term_string}"},"query-input":{"@type":"PropertyValueSpecification","valueRequired":true,"valueName":"search_term_string"}}],"inLanguage":"en-US"},{"@type":"Organization","@id":"https:\/\/romeniqueanjos.com.br\/icarobuback\/#organization","name":"\u00cdcaro Buback - Psicologia","url":"https:\/\/romeniqueanjos.com.br\/icarobuback\/","logo":{"@type":"ImageObject","inLanguage":"en-US","@id":"https:\/\/romeniqueanjos.com.br\/icarobuback\/#\/schema\/logo\/image\/","url":"https:\/\/romeniqueanjos.com.br\/icarobuback\/wp-content\/uploads\/2023\/11\/Group-8.png","contentUrl":"https:\/\/romeniqueanjos.com.br\/icarobuback\/wp-content\/uploads\/2023\/11\/Group-8.png","width":2916,"height":1074,"caption":"\u00cdcaro Buback - Psicologia"},"image":{"@id":"https:\/\/romeniqueanjos.com.br\/icarobuback\/#\/schema\/logo\/image\/"}}]}},"_hostinger_reach_plugin_has_subscription_block":false,"_hostinger_reach_plugin_is_elementor":false,"_links":{"self":[{"href":"https:\/\/romeniqueanjos.com.br\/icarobuback\/wp-json\/wp\/v2\/pages\/151","targetHints":{"allow":["GET"]}}],"collection":[{"href":"https:\/\/romeniqueanjos.com.br\/icarobuback\/wp-json\/wp\/v2\/pages"}],"about":[{"href":"https:\/\/romeniqueanjos.com.br\/icarobuback\/wp-json\/wp\/v2\/types\/page"}],"author":[{"embeddable":true,"href":"https:\/\/romeniqueanjos.com.br\/icarobuback\/wp-json\/wp\/v2\/users\/1"}],"replies":[{"embeddable":true,"href":"https:\/\/romeniqueanjos.com.br\/icarobuback\/wp-json\/wp\/v2\/comments?post=151"}],"version-history":[{"count":4,"href":"https:\/\/romeniqueanjos.com.br\/icarobuback\/wp-json\/wp\/v2\/pages\/151\/revisions"}],"predecessor-version":[{"id":156,"href":"https:\/\/romeniqueanjos.com.br\/icarobuback\/wp-json\/wp\/v2\/pages\/151\/revisions\/156"}],"wp:attachment":[{"href":"https:\/\/romeniqueanjos.com.br\/icarobuback\/wp-json\/wp\/v2\/media?parent=151"}],"curies":[{"name":"wp","href":"https:\/\/api.w.org\/{rel}","templated":true}]}}